{"id":1049,"date":"2015-01-23T15:41:07","date_gmt":"2015-01-23T15:41:07","guid":{"rendered":"http:\/\/hb-themes.com\/themes\/highend\/presentation\/?page_id=1049"},"modified":"2015-11-24T09:03:19","modified_gmt":"2015-11-24T09:03:19","slug":"about-us","status":"publish","type":"page","link":"https:\/\/artsgrafiquesxarol.com\/index.php\/about-us\/","title":{"rendered":"ARTS GR\u00c0FIQUES XAROL"},"content":{"rendered":"[vc_row fullwidth=\u00bbyes\u00bb bg_type=\u00bbbg_image\u00bb fw_columns=\u00bbyes\u00bb fw_same_height=\u00bbyes\u00bb top_margin=\u00bb0&#8243; bottom_margin=\u00bb0&#8243; image_url=\u00bb291&#8243; css=\u00bb.vc_custom_1422645742671{margin-top: -50px !important;margin-bottom: 0px !important;}\u00bb][vc_column width=\u00bb1\/2&#8243; css=\u00bb.vc_custom_1422893047778{margin-top: 0px !important;margin-right: 0px !important;margin-bottom: 0px !important;margin-left: 0px !important;border-top-width: 0px !important;border-right-width: 0px !important;border-bottom-width: 0px !important;border-left-width: 0px !important;padding-top: 7% !important;padding-right: 7% !important;padding-bottom: 7% !important;padding-left: 7% !important;background-color: #fcfcfc !important;}\u00bb][vc_custom_heading text=\u00bbBENVINGUT A ARTS GR\u00c0FIQUES XAROL\u00bb font_container=\u00bbtag:h5|font_size:28|text_align:left|color:%23ed6162|line_height:32px\u00bb google_fonts=\u00bbfont_family:Raleway%3A100%2C200%2C300%2Cregular%2C500%2C600%2C700%2C800%2C900|font_style:800%20bold%20regular%3A800%3Anormal\u00bb el_class=\u00bbletter-spacing-2&#8243;]<div class=\"shortcode-wrapper shortcode-spacer clearfix\"><div class=\"spacer\" style=\"height:20px;\"><\/div><\/div>[vc_custom_heading text=\u00bbSom una empresa de serveis gr\u00e0fics en l&#8217;\u00e0mbit de la tecnologia de la impressi\u00f3 offset i la preimpressi\u00f3.<br \/>\nUna gran tradici\u00f3 familiar dins del sector de les arts gr\u00e0fiques, amb m\u00e9s de 50 anys d&#8217;experi\u00e8ncia, ens d\u00f3na for\u00e7a.<br \/>\nRecollim el millor d&#8217;un llegat empresarial, amb l&#8217;esperit d&#8217;innovaci\u00f3 imprescindible per respondre adequadament a un entorn de canvis cada vegada m\u00e9s \u00e0gils. Tot aix\u00f2, seguint el nostre lema:<br \/>\nSERVEI I QUALITAT TOTAL PER AL CLIENT\u00bb font_container=\u00bbtag:p|font_size:17px|text_align:left|line_height:27px\u00bb google_fonts=\u00bbfont_family:Raleway%3A100%2C200%2C300%2Cregular%2C500%2C600%2C700%2C800%2C900|font_style:500%20bold%20regular%3A500%3Anormal\u00bb][\/vc_column][vc_column width=\u00bb1\/2&#8243; css=\u00bb.vc_custom_1447672533067{margin-top: 0px !important;margin-bottom: 0px !important;padding-right: 0px !important;padding-left: 0px !important;background-image: url(https:\/\/artsgrafiquesxarol.com\/wp-content\/uploads\/NOSOTROS-1.jpg?id=1607) !important;background-position: center !important;background-repeat: no-repeat !important;background-size: cover !important;}\u00bb][\/vc_column][\/vc_row][vc_row fullwidth=\u00bbyes\u00bb fw_columns=\u00bbyes\u00bb fw_same_height=\u00bbyes\u00bb top_margin=\u00bb0&#8243; bottom_margin=\u00bb0&#8243; css=\u00bb.vc_custom_1422897490750{margin-bottom: 0px !important;padding-top: 0px !important;padding-bottom: 0px !important;}\u00bb font_color=\u00bb#ffffff\u00bb][vc_column width=\u00bb1\/3&#8243; animation=\u00bbleft-to-right\u00bb animation_delay=\u00bb200&#8243; css=\u00bb.vc_custom_1444150169866{margin-right: 0px !important;margin-left: 0px !important;padding-top: 100px !important;padding-right: 5% !important;padding-bottom: 100px !important;padding-left: 7% !important;background: rgba(85,98,112,0.49) url(https:\/\/artsgrafiquesxarol.com\/wp-content\/uploads\/impresio-offset.jpg?id=1351) !important;*background-color: rgb(85,98,112) !important;}\u00bb][vc_custom_heading text=\u00bbIMPRESSI\u00d3 OFFSET I DIGITAL\u00bb font_container=\u00bbtag:h5|font_size:20px|text_align:left|color:%23ffffff|line_height:32px\u00bb google_fonts=\u00bbfont_family:Raleway%3A100%2C200%2C300%2Cregular%2C500%2C600%2C700%2C800%2C900|font_style:800%20bold%20regular%3A800%3Anormal\u00bb el_class=\u00bbletter-spacing-2&#8243;][vc_custom_heading text=\u00bbAnalitzem tots els detalls de cada treball, per economitzar els costos i fer produccions flexibles: efic\u00e0cia amb alta capacitat de producci\u00f3, sotmesa a tiratges llargs.\u00bb font_container=\u00bbtag:p|font_size:14px|text_align:left|color:%23ffffff|line_height:26px\u00bb google_fonts=\u00bbfont_family:Raleway%3A100%2C200%2C300%2Cregular%2C500%2C600%2C700%2C800%2C900|font_style:500%20bold%20regular%3A500%3Anormal\u00bb]<div class=\"shortcode-wrapper shortcode-spacer clearfix\"><div class=\"spacer\" style=\"height:5px;\"><\/div><\/div><a href=\"https:\/\/artsgrafiquesxarol.com\/index.php\/portfolio\/umbrella-design\/ \u200e\" class=\"hb-button hb-turqoise hb-small-button no-three-d hb-push-button\" target=\"_self\" style=\"-webkit-border-radius: 0px;-moz-border-radius: 0px;border-radius: 0px;\"><span class=\"hb-push-button-icon\"><i class=\"icon-angle-right\"><\/i><\/span><span class=\"hb-push-button-text\">M\u00c9S INFORMACI\u00d3...<\/span><\/a>[\/vc_column][vc_column width=\u00bb1\/3&#8243; animation=\u00bbleft-to-right\u00bb css=\u00bb.vc_custom_1444151071626{margin-right: 0px !important;margin-left: 0px !important;padding-top: 100px !important;padding-right: 5% !important;padding-bottom: 100px !important;padding-left: 5% !important;background: rgba(77,90,103,0.4) url(https:\/\/artsgrafiquesxarol.com\/wp-content\/uploads\/PACKAGING.jpg?id=1360) !important;*background-color: rgb(77,90,103) !important;}\u00bb animation_delay=\u00bb0&#8243;][vc_custom_heading text=\u00bbPACKAGING\u00bb font_container=\u00bbtag:h5|font_size:20px|text_align:left|color:%23ffffff|line_height:32px\u00bb google_fonts=\u00bbfont_family:Raleway%3A100%2C200%2C300%2Cregular%2C500%2C600%2C700%2C800%2C900|font_style:800%20bold%20regular%3A800%3Anormal\u00bb el_class=\u00bbletter-spacing-2&#8243;][vc_custom_heading text=\u00bbTamb\u00e9 duem a terme solucions integrals amb \u00abpackaging\u00bb del producte, amb una comunicaci\u00f3 directa amb el client: creant espais publicitaris, creant concepte.\u00bb font_container=\u00bbtag:p|font_size:14px|text_align:left|color:%23ffffff|line_height:26px\u00bb google_fonts=\u00bbfont_family:Raleway%3A100%2C200%2C300%2Cregular%2C500%2C600%2C700%2C800%2C900|font_style:500%20bold%20regular%3A500%3Anormal\u00bb]<div class=\"shortcode-wrapper shortcode-spacer clearfix\"><div class=\"spacer\" style=\"height:5px;\"><\/div><\/div><a href=\"https:\/\/artsgrafiquesxarol.com\/index.php\/portfolio\/happy-cup\/\" class=\"hb-button hb-turqoise hb-small-button no-three-d hb-push-button\" target=\"_self\" style=\"-webkit-border-radius: 0px;-moz-border-radius: 0px;border-radius: 0px;\"><span class=\"hb-push-button-icon\"><i class=\"icon-angle-right\"><\/i><\/span><span class=\"hb-push-button-text\">M\u00c9S INFORMACI\u00d3...<\/span><\/a>[\/vc_column][vc_column width=\u00bb1\/3&#8243; css=\u00bb.vc_custom_1444151354589{padding-top: 100px !important;padding-right: 7% !important;padding-bottom: 100px !important;padding-left: 5% !important;background: rgba(66,77,89,0.3) url(https:\/\/artsgrafiquesxarol.com\/wp-content\/uploads\/ENQUADERNACIO.jpg?id=1364) !important;*background-color: rgb(66,77,89) !important;}\u00bb][vc_custom_heading text=\u00bbENQUADERNACI\u00d3\u00bb font_container=\u00bbtag:h5|font_size:20px|text_align:left|color:%23ffffff|line_height:32px\u00bb google_fonts=\u00bbfont_family:Raleway%3A100%2C200%2C300%2Cregular%2C500%2C600%2C700%2C800%2C900|font_style:800%20bold%20regular%3A800%3Anormal\u00bb el_class=\u00bbletter-spacing-2&#8243;][vc_custom_heading text=\u00bbOferim un producte acabat amb totes les garanties: manipulat i transformat despr\u00e9s d\u2019haver dut a terme els processos de disseny, avaluaci\u00f3 i producci\u00f3.\u00bb font_container=\u00bbtag:p|font_size:14px|text_align:left|color:%23ffffff|line_height:26px\u00bb google_fonts=\u00bbfont_family:Raleway%3A100%2C200%2C300%2Cregular%2C500%2C600%2C700%2C800%2C900|font_style:500%20bold%20regular%3A500%3Anormal\u00bb]<div class=\"shortcode-wrapper shortcode-spacer clearfix\"><div class=\"spacer\" style=\"height:5px;\"><\/div><\/div><a href=\"https:\/\/artsgrafiquesxarol.com\/index.php\/portfolio\/malford-london\/\" class=\"hb-button hb-turqoise hb-small-button no-three-d hb-push-button\" target=\"_self\" style=\"-webkit-border-radius: 0px;-moz-border-radius: 0px;border-radius: 0px;\"><span class=\"hb-push-button-icon\"><i class=\"icon-angle-right\"><\/i><\/span><span class=\"hb-push-button-text\">M\u00c9S INFORMACI\u00d3...<\/span><\/a>[\/vc_column][\/vc_row][vc_row fullwidth=\u00bbyes\u00bb top_margin=\u00bb0&#8243; bottom_margin=\u00bb0&#8243; background_color=\u00bb#424d59&#8243; css=\u00bb.vc_custom_1422898121863{margin-bottom: 0px !important;}\u00bb][vc_column css=\u00bb.vc_custom_1444151622340{padding-top: 70px !important;padding-bottom: 70px !important;background-color: #eaeaea !important;}\u00bb][vc_custom_heading text=\u00bbCOM HO FEM&#8230;\u00bb font_container=\u00bbtag:h5|font_size:30px|text_align:center|color:%23828282|line_height:32px\u00bb google_fonts=\u00bbfont_family:Raleway%3A100%2C200%2C300%2Cregular%2C500%2C600%2C700%2C800%2C900|font_style:800%20bold%20regular%3A800%3Anormal\u00bb el_class=\u00bbletter-spacing-2&#8243;]<div class=\"shortcode-wrapper shortcode-spacer clearfix\"><div class=\"spacer\" style=\"height:20px;\"><\/div><\/div><div class=\"shortcode-wrapper shortcode-testimonial-slider testimonial-slider-wrapper\"><div id=\"hb-testimonial-7094\" class=\"ts-2 init-testimonial-slider\" data-slideshow-speed=\"5000\"><ul class=\"testimonial-slider\"><li class=\"hb-testimonial-quote\">\t\t<p><p class=\"p1\">Arts Gr\u00e0fiques XAROL disposem de diversos tipus de serveis dins l\u2019ampli sector gr\u00e0fic.\u00a0<strong>Dominem el paper i el color<\/strong><strong>.<\/strong> Aqu\u00ed a la web us presentem algunes de les nostres especialitzacions.<\/p>\n<\/p>\n\n\t\t<div class=\"testimonial-quote-meta\">\n\t\t\t<span>\n\t\t\t\tArts Gr\u00e0fiques XAROL, DOMINEN EL PAPER I EL COLOR\t\t\t<\/span>\n\t\t<\/div>\n\t\t \n\t\t<\/li><li class=\"hb-testimonial-quote\">\t\t<p><p class=\"p1\">El nostre afany d\u2019innovaci\u00f3 ens permet incorporar t\u00e8cniques aplicades a altres sectors industrials i fer que\u00a0la producci\u00f3 sigui un element significatiu del nostre proc\u00e9s diari.<\/p>\n<\/p>\n\n\t\t<div class=\"testimonial-quote-meta\">\n\t\t\t<span>\n\t\t\t\tArts Gr\u00e0fiques XAROL, DOMINEM EL PAPER I EL COLOR\t\t\t<\/span>\n\t\t<\/div>\n\t\t \n\t\t<\/li><li class=\"hb-testimonial-quote\">\t\t<p><p class=\"p1\">Creiem en nosaltres, en el nostre esfor\u00e7, en aconseguir que la nostra industria mantingui els \u00abest\u00e0ndards\u00bb m\u00e9s elevats del mercat. Fent-ho com nom\u00e9s ho sabem fer: aplicant tots el sentits en les tasques que ens encomanen.<\/p>\n<\/p>\n\n\t\t<div class=\"testimonial-quote-meta\">\n\t\t\t<span>\n\t\t\t\tArts Gr\u00e0fiques XAROL, DOMINEN EL PAPER I EL COLOR\t\t\t<\/span>\n\t\t<\/div>\n\t\t \n\t\t<\/li><\/ul><\/div><\/div>[\/vc_column][\/vc_row][vc_row fullwidth=\u00bbyes\u00bb top_margin=\u00bb0&#8243; bottom_margin=\u00bb0&#8243; background_color=\u00bb#f3f5f7&#8243; css=\u00bb.vc_custom_1422898772347{margin-bottom: 0px !important;}\u00bb][vc_column css=\u00bb.vc_custom_1422898397060{padding-top: 70px !important;padding-bottom: 70px !important;}\u00bb][vc_custom_heading text=\u00bbLA NOSTRA GENT\u00bb font_container=\u00bbtag:h5|font_size:30px|text_align:center|color:%23828282|line_height:32px\u00bb google_fonts=\u00bbfont_family:Raleway%3A100%2C200%2C300%2Cregular%2C500%2C600%2C700%2C800%2C900|font_style:800%20bold%20regular%3A800%3Anormal\u00bb el_class=\u00bbletter-spacing-2&#8243;]<div class=\"shortcode-wrapper shortcode-spacer clearfix\"><div class=\"spacer\" style=\"height:50px;\"><\/div><\/div><div class=\"hb-crsl-wrapper clearfix shortcode-wrapper shortcode-team-carousel  hb-animate-element hb-fade-in\" data-delay=\"300\"><div id=\"carousel-nav-6805\" class=\"crsl-nav\"><a href=\"#\" class=\"previous\"><i class=\"icon-angle-left\"><\/i><\/a><a href=\"#\" class=\"next\"><i class=\"icon-angle-right\"><\/i><\/a><\/div><div class=\"crsl-items init-team-carousel crsl-columns-3\" id=\"carousel-6805\" data-visible=\"3\" data-speed=\"20000\" data-auto-rotate=\"false\" data-navigation=\"carousel-nav-6805\"><div class=\"crsl-wrap\"><figure class=\"crsl-item\">\n\t\t<div class=\"team-member-box\">\n\t\t\t\t\t\t\t\t\t\n\t\t\t<div class=\"team-member-img\">\n\n\t\t\t\t<img src=\"https:\/\/artsgrafiquesxarol.com\/wp-content\/uploads\/equip-ejecutiu-350x350.jpg\" alt=\"Equip executiu i producci\u00f3\"\/>\n\t\t\t\t\t\t\t\t\t\t<ul class=\"social-icons dark\">\n\t\t\t\t\t\n\t\t\t\t\t\t\n\t\t\t\t\t\t\t\n\t\t\t\t\t\t\t<li class=\"envelop\">\n\n\t\t\t\t\t\t\t\t\t\t\t\t\t\t\t\t\t<a href=\"mailto:xavier@artsgrafiquesxarol.com\">\n\t\t\t\t\t\t\t\t\t\t<i class=\"hb-moon-envelop\"><\/i>\n\t\t\t\t\t\t\t\t\t\t<i class=\"hb-moon-envelop\"><\/i>\n\t\t\t\t\t\t\t\t\t<\/a>\n\t\t\t\t\t\t\t\t\n\t\t\t\t\t\t\t<\/li>\n\n\t\t\t\t\t\t\n\t\t\t\t\t\t\t\n\t\t\t\t\t\t\t\n\t\t\t\t\t\t\t\n\t\t\t\t\t\t\t\n\t\t\t\t\t\t\t\n\t\t\t\t\t\t\t\n\t\t\t\t\t\t\t\n\t\t\t\t\t\t\t\n\t\t\t\t\t\t\t\n\t\t\t\t\t\t\t\n\t\t\t\t\t\t\t\n\t\t\t\t\t\t\t\n\t\t\t\t\t\t\t\n\t\t\t\t\t\t\t\n\t\t\t\t\t\t\t\n\t\t\t\t\t\t\t\n\t\t\t\t\t\t\t\n\t\t\t\t\t\t\t\n\t\t\t\t\t\t\t\n\t\t\t\t\t\t\t\n\t\t\t\t\t\t\t\n\t\t\t\t\t\t\t\n\t\t\t\t\t\t\t\n\t\t\t\t\t\t\t\n\t\t\t\t\t\t\t\n\t\t\t\t\t\t\t\n\t\t\t\t\t\t\t\n\t\t\t\t\t\t\t\n\t\t\t\t\t\t\t\n\t\t\t\t\t\t\t\n\t\t\t\t\t\t\t\n\t\t\t\t\t\t\t\n\t\t\t\t\t\t\t\n\t\t\t\t\t\t\t\t\t\t\t\t<\/ul>\n\t\t\t\t\t\n\t\t\t\t\t\t\t<\/div><!-- END .team-member-img -->\n\t\t\t\t\t\t\t\t\t\t\n\t\t\t<div class=\"team-member-description\">\n\n\t\t\t\t<div class=\"team-header-info clearfix\">\n\n\t\t\t\t\t<div class=\"team-name\">\n\t\t\t\t\t\t<h4 class=\"team-member-name\"><a href=\"https:\/\/artsgrafiquesxarol.com\/index.php\/team\/john-doe\/\">Equip executiu i producci\u00f3<\/a><\/h4>\n\n\t\t\t\t\t\t\t\t\t\t\t\t\t<p class=\"team-position\">\u00c0mplia experi\u00e8ncia en el sector gr\u00e0fic i en la gesti\u00f3 de la producci\u00f3.<\/p>\n\t\t\t\t\t\t\t\t\t\t\t<\/div><!-- END .team-name -->\n\t\t\t\t\t\t\t\t\t\t\t\t\n\t\t\t\t\t\t\t\t\t\t\t\t\n\t\t\t\t<\/div><!-- END .team-header-info -->\n\n\t\t\t\t\n\t\t\t\t\t<div class=\"spacer\" style=\"height:10px;\"><\/div>\n\t\t\t\t\t<div class=\"team-member-content\">\n\t\t\t\t\t\t<div class=\"spacer\" style=\"height:15px;\"><\/div><p class=\"nbm\">La funci\u00f3 principal del nostre equip executiu i de producci\u00f3 \u00e9s controlar i&hellip;<\/p>\t\t\t\t\t<\/div><!-- END .team-member-content -->\n\t\t\t\t\n\t\t\t\t<a class=\"simple-read-more\" href=\"https:\/\/artsgrafiquesxarol.com\/index.php\/team\/john-doe\/\" target=\"_self\">View Profile<\/a>\n\t\t\t<\/div><!-- END .team-member-description -->\t\n\n\t\t<\/div><!-- END .team-member-box -->\n\n\t\t<\/figure><figure class=\"crsl-item\">\n\t\t<div class=\"team-member-box\">\n\t\t\t\t\t\t\t\t\t\n\t\t\t<div class=\"team-member-img\">\n\n\t\t\t\t<img src=\"https:\/\/artsgrafiquesxarol.com\/wp-content\/uploads\/comercials-350x350.jpg\" alt=\"Reponsables comercials\"\/>\n\t\t\t\t\t\t\t\t\t\t<ul class=\"social-icons dark\">\n\t\t\t\t\t\n\t\t\t\t\t\t\n\t\t\t\t\t\t\t\n\t\t\t\t\t\t\t<li class=\"envelop\">\n\n\t\t\t\t\t\t\t\t\t\t\t\t\t\t\t\t\t<a href=\"mailto:xavier@artsgrafiquesxarol.com\">\n\t\t\t\t\t\t\t\t\t\t<i class=\"hb-moon-envelop\"><\/i>\n\t\t\t\t\t\t\t\t\t\t<i class=\"hb-moon-envelop\"><\/i>\n\t\t\t\t\t\t\t\t\t<\/a>\n\t\t\t\t\t\t\t\t\n\t\t\t\t\t\t\t<\/li>\n\n\t\t\t\t\t\t\n\t\t\t\t\t\t\t\n\t\t\t\t\t\t\t\n\t\t\t\t\t\t\t\n\t\t\t\t\t\t\t\n\t\t\t\t\t\t\t\n\t\t\t\t\t\t\t\n\t\t\t\t\t\t\t\n\t\t\t\t\t\t\t\n\t\t\t\t\t\t\t\n\t\t\t\t\t\t\t\n\t\t\t\t\t\t\t\n\t\t\t\t\t\t\t\n\t\t\t\t\t\t\t\n\t\t\t\t\t\t\t\n\t\t\t\t\t\t\t\n\t\t\t\t\t\t\t\n\t\t\t\t\t\t\t\n\t\t\t\t\t\t\t\n\t\t\t\t\t\t\t\n\t\t\t\t\t\t\t\n\t\t\t\t\t\t\t\n\t\t\t\t\t\t\t\n\t\t\t\t\t\t\t\n\t\t\t\t\t\t\t\n\t\t\t\t\t\t\t\n\t\t\t\t\t\t\t\n\t\t\t\t\t\t\t\n\t\t\t\t\t\t\t\n\t\t\t\t\t\t\t\n\t\t\t\t\t\t\t\n\t\t\t\t\t\t\t\n\t\t\t\t\t\t\t\n\t\t\t\t\t\t\t\n\t\t\t\t\t\t\t\t\t\t\t\t<\/ul>\n\t\t\t\t\t\n\t\t\t\t\t\t\t<\/div><!-- END .team-member-img -->\n\t\t\t\t\t\t\t\t\t\t\n\t\t\t<div class=\"team-member-description\">\n\n\t\t\t\t<div class=\"team-header-info clearfix\">\n\n\t\t\t\t\t<div class=\"team-name\">\n\t\t\t\t\t\t<h4 class=\"team-member-name\"><a href=\"https:\/\/artsgrafiquesxarol.com\/index.php\/team\/ann-taylor\/\">Reponsables comercials<\/a><\/h4>\n\n\t\t\t\t\t\t\t\t\t\t\t\t\t<p class=\"team-position\">Comercials de control i vendes, lliuraments i seguiment del producte<\/p>\n\t\t\t\t\t\t\t\t\t\t\t<\/div><!-- END .team-name -->\n\t\t\t\t\t\t\t\t\t\t\t\t\n\t\t\t\t\t\t\t\t\t\t\t\t\n\t\t\t\t<\/div><!-- END .team-header-info -->\n\n\t\t\t\t\n\t\t\t\t\t<div class=\"spacer\" style=\"height:10px;\"><\/div>\n\t\t\t\t\t<div class=\"team-member-content\">\n\t\t\t\t\t\t<div class=\"spacer\" style=\"height:15px;\"><\/div><p class=\"nbm\">Els responsables comercials d\u2019Arts Gr\u00e0fiques XAROL s\u00f3n coneixedors del complex m\u00f3n comercial actual:&hellip;<\/p>\t\t\t\t\t<\/div><!-- END .team-member-content -->\n\t\t\t\t\n\t\t\t\t<a class=\"simple-read-more\" href=\"https:\/\/artsgrafiquesxarol.com\/index.php\/team\/ann-taylor\/\" target=\"_self\">View Profile<\/a>\n\t\t\t<\/div><!-- END .team-member-description -->\t\n\n\t\t<\/div><!-- END .team-member-box -->\n\n\t\t<\/figure><figure class=\"crsl-item\">\n\t\t<div class=\"team-member-box\">\n\t\t\t\t\t\t\t\t\t\n\t\t\t<div class=\"team-member-img\">\n\n\t\t\t\t<img src=\"https:\/\/artsgrafiquesxarol.com\/wp-content\/uploads\/treblladors1-350x350.jpg\" alt=\"Manipulaci\u00f3 i producte\"\/>\n\t\t\t\t\t\t\t\t\t\t<ul class=\"social-icons dark\">\n\t\t\t\t\t\n\t\t\t\t\t\t\n\t\t\t\t\t\t\t\n\t\t\t\t\t\t\t<li class=\"envelop\">\n\n\t\t\t\t\t\t\t\t\t\t\t\t\t\t\t\t\t<a href=\"mailto:xavier@artsgrafiquesxarol.com\">\n\t\t\t\t\t\t\t\t\t\t<i class=\"hb-moon-envelop\"><\/i>\n\t\t\t\t\t\t\t\t\t\t<i class=\"hb-moon-envelop\"><\/i>\n\t\t\t\t\t\t\t\t\t<\/a>\n\t\t\t\t\t\t\t\t\n\t\t\t\t\t\t\t<\/li>\n\n\t\t\t\t\t\t\n\t\t\t\t\t\t\t\n\t\t\t\t\t\t\t\n\t\t\t\t\t\t\t\n\t\t\t\t\t\t\t\n\t\t\t\t\t\t\t\n\t\t\t\t\t\t\t\n\t\t\t\t\t\t\t\n\t\t\t\t\t\t\t\n\t\t\t\t\t\t\t\n\t\t\t\t\t\t\t\n\t\t\t\t\t\t\t\n\t\t\t\t\t\t\t\n\t\t\t\t\t\t\t\n\t\t\t\t\t\t\t\n\t\t\t\t\t\t\t\n\t\t\t\t\t\t\t\n\t\t\t\t\t\t\t\n\t\t\t\t\t\t\t\n\t\t\t\t\t\t\t\n\t\t\t\t\t\t\t\n\t\t\t\t\t\t\t\n\t\t\t\t\t\t\t\n\t\t\t\t\t\t\t\n\t\t\t\t\t\t\t\n\t\t\t\t\t\t\t\n\t\t\t\t\t\t\t\n\t\t\t\t\t\t\t\n\t\t\t\t\t\t\t\n\t\t\t\t\t\t\t\n\t\t\t\t\t\t\t\n\t\t\t\t\t\t\t\n\t\t\t\t\t\t\t\n\t\t\t\t\t\t\t\n\t\t\t\t\t\t\t\t\t\t\t\t<\/ul>\n\t\t\t\t\t\n\t\t\t\t\t\t\t<\/div><!-- END .team-member-img -->\n\t\t\t\t\t\t\t\t\t\t\n\t\t\t<div class=\"team-member-description\">\n\n\t\t\t\t<div class=\"team-header-info clearfix\">\n\n\t\t\t\t\t<div class=\"team-name\">\n\t\t\t\t\t\t<h4 class=\"team-member-name\"><a href=\"https:\/\/artsgrafiquesxarol.com\/index.php\/team\/victoria-dougherty\/\">Manipulaci\u00f3 i producte<\/a><\/h4>\n\n\t\t\t\t\t\t\t\t\t\t\t\t\t<p class=\"team-position\">Tot l\u2019equip: secretaria, operaris, distribuci\u00f3...<\/p>\n\t\t\t\t\t\t\t\t\t\t\t<\/div><!-- END .team-name -->\n\t\t\t\t\t\t\t\t\t\t\t\t\n\t\t\t\t\t\t\t\t\t\t\t\t\n\t\t\t\t<\/div><!-- END .team-header-info -->\n\n\t\t\t\t\n\t\t\t\t\t<div class=\"spacer\" style=\"height:10px;\"><\/div>\n\t\t\t\t\t<div class=\"team-member-content\">\n\t\t\t\t\t\t<div class=\"spacer\" style=\"height:15px;\"><\/div><p class=\"nbm\">La gent que composa el taller d\u2019Arts Gr\u00e0fiques XAROL comparteix l\u2019experi\u00e8ncia del treball&hellip;<\/p>\t\t\t\t\t<\/div><!-- END .team-member-content -->\n\t\t\t\t\n\t\t\t\t<a class=\"simple-read-more\" href=\"https:\/\/artsgrafiquesxarol.com\/index.php\/team\/victoria-dougherty\/\" target=\"_self\">View Profile<\/a>\n\t\t\t<\/div><!-- END .team-member-description -->\t\n\n\t\t<\/div><!-- END .team-member-box -->\n\n\t\t<\/figure><\/div><\/div><\/div>[\/vc_column][\/vc_row][vc_row fullwidth=\u00bbyes\u00bb top_margin=\u00bb0&#8243; bottom_margin=\u00bb0&#8243; css=\u00bb.vc_custom_1422902582251{margin-bottom: 0px !important;padding-top: 70px !important;padding-bottom: 70px !important;}\u00bb][vc_column width=\u00bb1\/2&#8243; css=\u00bb.vc_custom_1444305551464{padding-top: 20px !important;padding-right: 20px !important;padding-bottom: 20px !important;padding-left: 20px !important;background-color: #919191 !important;}\u00bb][vc_custom_heading text=\u00bbPASSI\u00d3 A L&#8217;HORA DE DISSENYAR\u00bb font_container=\u00bbtag:h5|font_size:20px|text_align:left|color:%23ffffff|line_height:32px\u00bb google_fonts=\u00bbfont_family:Raleway%3A100%2C200%2C300%2Cregular%2C500%2C600%2C700%2C800%2C900|font_style:800%20bold%20regular%3A800%3Anormal\u00bb el_class=\u00bbletter-spacing-2&#8243;]<div class=\"shortcode-wrapper shortcode-spacer clearfix\"><div class=\"spacer\" style=\"height:5px;\"><\/div><\/div>[vc_custom_heading text=\u00bbElaborem per als nostres clients qualsevol imatge corporativa: aplicaci\u00f3 de material impr\u00e8s, maquetaci\u00f3 de cat\u00e0legs, infografia, publicitat i comunicaci\u00f3 gr\u00e0fica. Projectem les idees, donem les formes. Amb els programes i la tecnologia m\u00e9s actuals, el nostre equip creatiu fa realitat els dissenys.\u00bb font_container=\u00bbtag:p|font_size:14px|text_align:left|color:%23ffffff|line_height:26px\u00bb google_fonts=\u00bbfont_family:Raleway%3A100%2C200%2C300%2Cregular%2C500%2C600%2C700%2C800%2C900|font_style:500%20bold%20regular%3A500%3Anormal\u00bb][\/vc_column][vc_column width=\u00bb1\/2&#8243;][vc_gallery interval=\u00bb3&#8243; images=\u00bb1392,1396,1397&#8243; img_size=\u00bblarge\u00bb onclick=\u00bb\u00bb][\/vc_column][\/vc_row]\n","protected":false},"excerpt":{"rendered":"<p>[vc_row fullwidth=\u00bbyes\u00bb bg_type=\u00bbbg_image\u00bb fw_columns=\u00bbyes\u00bb fw_same_height=\u00bbyes\u00bb top_margin=\u00bb0&#8243; bottom_margin=\u00bb0&#8243; image_url=\u00bb291&#8243; css=\u00bb.vc_custom_1422645742671{margin-top: -50px !important;margin-bottom: 0px !important;}\u00bb][vc_column width=\u00bb1\/2&#8243; css=\u00bb.vc_custom_1422893047778{margin-top: 0px !important;margin-right: 0px !important;margin-bottom: 0px !important;margin-left: 0px !important;border-top-width: 0px !important;border-right-width: 0px !important;border-bottom-width: 0px !important;border-left-width: 0px !important;padding-top: 7% !important;padding-right: 7% !important;padding-bottom: 7% !important;padding-left: 7% !important;background-color: #fcfcfc !important;}\u00bb][vc_custom_heading text=\u00bbBENVINGUT A ARTS GR\u00c0FIQUES XAROL\u00bb font_container=\u00bbtag:h5|font_size:28|text_align:left|color:%23ed6162|line_height:32px\u00bb google_fonts=\u00bbfont_family:Raleway%3A100%2C200%2C300%2Cregular%2C500%2C600%2C700%2C800%2C900|font_style:800%20bold%20regular%3A800%3Anormal\u00bb el_class=\u00bbletter-spacing-2&#8243;][vc_custom_heading text=\u00bbSom una empresa de serveis gr\u00e0fics [&hellip;]<\/p>\n","protected":false},"author":4,"featured_media":0,"parent":0,"menu_order":0,"comment_status":"open","ping_status":"open","template":"","meta":[],"_links":{"self":[{"href":"https:\/\/artsgrafiquesxarol.com\/index.php\/wp-json\/wp\/v2\/pages\/1049"}],"collection":[{"href":"https:\/\/artsgrafiquesxarol.com\/index.php\/wp-json\/wp\/v2\/pages"}],"about":[{"href":"https:\/\/artsgrafiquesxarol.com\/index.php\/wp-json\/wp\/v2\/types\/page"}],"author":[{"embeddable":true,"href":"https:\/\/artsgrafiquesxarol.com\/index.php\/wp-json\/wp\/v2\/users\/4"}],"replies":[{"embeddable":true,"href":"https:\/\/artsgrafiquesxarol.com\/index.php\/wp-json\/wp\/v2\/comments?post=1049"}],"version-history":[{"count":132,"href":"https:\/\/artsgrafiquesxarol.com\/index.php\/wp-json\/wp\/v2\/pages\/1049\/revisions"}],"predecessor-version":[{"id":1674,"href":"https:\/\/artsgrafiquesxarol.com\/index.php\/wp-json\/wp\/v2\/pages\/1049\/revisions\/1674"}],"wp:attachment":[{"href":"https:\/\/artsgrafiquesxarol.com\/index.php\/wp-json\/wp\/v2\/media?parent=1049"}],"curies":[{"name":"wp","href":"https:\/\/api.w.org\/{rel}","templated":true}]}}