{"id":1680,"date":"2022-01-19T21:33:00","date_gmt":"2022-01-19T21:33:00","guid":{"rendered":"https:\/\/www.artsgrafiquesxarol.com\/?page_id=1680"},"modified":"2022-01-19T21:33:00","modified_gmt":"2022-01-19T21:33:00","slug":"avis-legal","status":"publish","type":"page","link":"https:\/\/artsgrafiquesxarol.com\/index.php\/avis-legal\/","title":{"rendered":"Avis Legal"},"content":{"rendered":"<p>En compliment del que es disposa en l\u00b4article 10 de la Llei 34\/2002, d\u00b411 de juliol, de Serveis de la Societat de la Informaci\u00f3 i Comer\u00e7 Electr\u00f2nic, es posa a la disposici\u00f3 dels Usuaris la informaci\u00f3 relativa a aquest lloc:<\/p>\n<p><strong>Titularitat de la p\u00e0gina web:<\/strong><\/p>\n<ul>\n<li>Domini:\u00a0<strong>artsgrafiquesxarol.com<br \/>\n<\/strong>\u2022 Denominaci\u00f3 Social: <strong>Arts gr\u00e0fiques Xarol, S.L.<\/strong><br \/>\n\u2022 Domicili: <strong>Avda. de la morera 24-30, 4t, 3a, 08915, Badalona<\/strong><strong><br \/>\n<\/strong>\u2022 Tel\u00e8fon: <strong>93 497 40 13<\/strong><strong><br \/>\n<\/strong>\u2022 NIF \/ CIF: <strong>B66113945 <\/strong><br \/>\n\u2022 Correo electr\u00f2nic: <strong>xavier@artsgrafiquesxarol.com<\/strong><\/li>\n<\/ul>\n<p>&nbsp;<\/p>\n<p><strong>REFER\u00c8NCIES I ENLLA\u00c7OS A WEBS D\u00b4ALTRES ORGANITZACIONS<\/strong><\/p>\n<p>Algunes p\u00e0gines d\u00b4aquesta web contenen refer\u00e8ncies o enlla\u00e7os a webs d\u00b4altres organitzacions. La pres\u00e8ncia\u00a0 d\u00b4aquests enlla\u00e7os t\u00e9 una finalitat informativa, no constituint en cap cas una invitaci\u00f3 a la contractaci\u00f3 de productes o serveis que s\u00b4ofereixin a la p\u00e0gina web de destinaci\u00f3.\u00a0<strong>Arts gr\u00e0fiques Xarol, S.L., <\/strong>no es responsabilitza ni de l\u00b4exactitud ni de l\u00b4actualitzaci\u00f3 d\u00b4aquestes webs externes.<\/p>\n<p><strong>ADVERTIMENT SOBRE LA UTILITZACI\u00d3 DE GALETES (COOKIES)<\/strong><\/p>\n<p>Una cookie \u00e9s un petit arxiu de dades que alguns llocs web escriuen en la seva unitat de disc quan es visita. Un arxiu cookie pot contenir informaci\u00f3 com la identificaci\u00f3 d\u00b4usuari, que el lloc web utilitza per rastrejar les p\u00e0gines que vost\u00e8 ha visitat. L\u00b4\u00fanica informaci\u00f3 personal que un cookie pot contenir \u00e9s la informaci\u00f3 que vost\u00e8 mateix li proporciona. Una cookie no pot llegir dades de la seva unitat de disc, ni pot ser executada com un codi ni contenir virus. Advertim que aquesta p\u00e0gina pot utilitzar cookies. L\u00b4usuari t\u00e9 l\u00b4opci\u00f3 d\u00b4impedir la generaci\u00f3 de cookies, mitjan\u00e7ant la selecci\u00f3 de la corresponent opci\u00f3 al seu programa de navegaci\u00f3.<\/p>\n","protected":false},"excerpt":{"rendered":"<p>En compliment del que es disposa en l\u00b4article 10 de la Llei 34\/2002, d\u00b411 de juliol, de Serveis de la Societat de la Informaci\u00f3 i Comer\u00e7 Electr\u00f2nic, es posa a la disposici\u00f3 dels Usuaris la informaci\u00f3 relativa a aquest lloc: Titularitat de la p\u00e0gina web: Domini:\u00a0artsgrafiquesxarol.com \u2022 Denominaci\u00f3 Social: Arts gr\u00e0fiques Xarol, S.L. \u2022 Domicili: [&hellip;]<\/p>\n","protected":false},"author":2,"featured_media":0,"parent":0,"menu_order":0,"comment_status":"closed","ping_status":"closed","template":"","meta":[],"_links":{"self":[{"href":"https:\/\/artsgrafiquesxarol.com\/index.php\/wp-json\/wp\/v2\/pages\/1680"}],"collection":[{"href":"https:\/\/artsgrafiquesxarol.com\/index.php\/wp-json\/wp\/v2\/pages"}],"about":[{"href":"https:\/\/artsgrafiquesxarol.com\/index.php\/wp-json\/wp\/v2\/types\/page"}],"author":[{"embeddable":true,"href":"https:\/\/artsgrafiquesxarol.com\/index.php\/wp-json\/wp\/v2\/users\/2"}],"replies":[{"embeddable":true,"href":"https:\/\/artsgrafiquesxarol.com\/index.php\/wp-json\/wp\/v2\/comments?post=1680"}],"version-history":[{"count":1,"href":"https:\/\/artsgrafiquesxarol.com\/index.php\/wp-json\/wp\/v2\/pages\/1680\/revisions"}],"predecessor-version":[{"id":1681,"href":"https:\/\/artsgrafiquesxarol.com\/index.php\/wp-json\/wp\/v2\/pages\/1680\/revisions\/1681"}],"wp:attachment":[{"href":"https:\/\/artsgrafiquesxarol.com\/index.php\/wp-json\/wp\/v2\/media?parent=1680"}],"curies":[{"name":"wp","href":"https:\/\/api.w.org\/{rel}","templated":true}]}}