{"id":1683,"date":"2022-01-19T21:36:54","date_gmt":"2022-01-19T21:36:54","guid":{"rendered":"https:\/\/www.artsgrafiquesxarol.com\/?page_id=1683"},"modified":"2022-01-19T21:36:54","modified_gmt":"2022-01-19T21:36:54","slug":"politiques-de-privacitat","status":"publish","type":"page","link":"https:\/\/artsgrafiquesxarol.com\/index.php\/politiques-de-privacitat\/","title":{"rendered":"Politiques de privacitat"},"content":{"rendered":"<p>De conformitat amb el Reglament (UE) 2016\/679 del Parlament Europeu i del Consell de 27 d\u2019abril de 2016, relatiu a la protecci\u00f3 de les persones f\u00edsiques pel que fa al tractament de les dades personals i a la lliure circulaci\u00f3 d\u2019aquestes dades ( a endavant, l\u2019RGPD), ens informem que les dades facilitades de forma gratu\u00efta i volunt\u00e0ria per als usuaris a la web <strong>www.artsgrafiquesxarol.com<\/strong> seran processats per:<\/p>\n<p><strong>RESPONSABLE DEL TRACTAMENT DE LES SEVES DADES:<br \/>\n<\/strong><br \/>\n\u2022 Domini:\u00a0<strong>artsgrafiquesxarol.com<br \/>\n<\/strong>\u2022 Denominaci\u00f3 Social: <strong>Arts gr\u00e0fiques Xarol, S.L.<\/strong><strong><br \/>\n<\/strong>\u2022 Domicili: <strong>Avda. de la morera 24-30, 4t, 3a, 08915, Badalona<br \/>\n<\/strong>\u2022 Tel\u00e8fon: <strong>93 497 40 13<\/strong><br \/>\n\u2022 NIF \/ CIF: <strong>B66113945 <\/strong><br \/>\n\u2022 Correu electr\u00f2nic: <strong>xavier@artsgrafiquesxarol.com<\/strong><\/p>\n<p><strong>FINALITAT DEL TRACTAMENT:<br \/>\n<\/strong><br \/>\nLes seves dades personals seran utilitzades amb l\u2019objectiu general de la gesti\u00f3 i control de la relaci\u00f3 establerta i espec\u00edficament per a:<\/p>\n<p>\u2022 Gestionar l\u2019acc\u00e9s complet a la p\u00e0gina web i l\u2019\u00fas correcte dels serveis per part dels usuaris dels mateixos.<br \/>\n\u2022 Per comunicar-nos amb els usuaris en resposta a incid\u00e8ncies, sol\u00b7licituds, comentaris i preguntes que ens realitzem a trav\u00e9s dels serveis o els formularis de contacte de la nostra p\u00e0gina web (inclosos, els xats o les trucades telef\u00f2niques).<br \/>\n\u2022 Per oferir nous productes, serveis, ofertes especials o actualitzacions.<br \/>\n\u2022 Comunicacions: Podrem enviar correus electr\u00f2nics, missatges i altres tipus de<br \/>\ncomunicaci\u00f3 en refer\u00e8ncia als serveis, q\u00fcestions t\u00e8cniques i canvis en els mateixos.<br \/>\nAquestes comunicacions es consideren part dels serveis i no es pot renunciar a les mateixes.<br \/>\n\u2022 Comunicacions Comercials (M\u00e0rqueting): Podrem utilitzar les seves dades per contactar-lo, tant per via electr\u00f2nica com sense electr\u00f2nica, per realitzar enquestes, obtenir la seva opini\u00f3 sobre el servei prestat, i, ocasionalment, per notificar-li canvis, importants desenvolupaments dels serveis, ofertes i \/ o promocions. Aquestes ofertes comercials seran, en tot cas, autoritzades de forma expressa i separada per l\u2019usuari que pot revocar en qualsevol moment el seu consentiment per rebre aquestes notificacions utilitzant el mecanisme que s\u2019implementi al seu efecte, o remetent un escrit amb l\u2019assumpte \u201d Baixa \u201ca<br \/>\n<strong>xavier@artsgrafiquesxarol.com<\/strong><\/p>\n<p>No tractarem les seves dades personals per a cap altra finalitat m\u00e9s enll\u00e0 de les descrites anteriorment, excepte que vingui per llei o existeixi algun requeriment judicial.<\/p>\n<p><strong>CONSERVACI\u00d3 DE LES DADES:<br \/>\n<\/strong><br \/>\nLes dades de car\u00e0cter personal es conservaran durant el termini legal corresponent.<br \/>\nEn aquest sentit:<br \/>\nLes dades empleades per gestionar la relaci\u00f3 amb el client i la facturaci\u00f3 i la cobrament dels productes i serveis es conservaran durant tot el temps en qu\u00e8 el contracte estigui vigent.<br \/>\nUna vegada finalitzada aquesta relaci\u00f3, en el seu cas, les dades es podran conservar durant el temps exigit per la legislaci\u00f3 aplicable i fins que prescriuen les possibles responsabilitats derivades del contractat de servei.<br \/>\nLes dades necess\u00e0ries per enviar els butlletins informatius i les comunicacions comercials dels nostres productes o serveis es conservaran indefinidament fins que el usuari manifesti, en el seu cas, la seva voluntat de eliminar-los.<\/p>\n<p><strong>DESTINATARIS DE CESIONS O TRANSFER\u00c8NCIES.<\/strong><br \/>\nAmb car\u00e0cter general, <strong>Arts gr\u00e0fiques Xarol, S.L<\/strong>. no cedir\u00e0 les seves dades personals a tercers excepte que estiguem obligats legalment a aix\u00f2 o vost\u00e8 ens ha autoritzat expressament a fer \u00fas dels nostres serveis.<\/p>\n<p><strong>EXERCICI DE DRETS<\/strong><br \/>\nEn qualsevol moment, l\u2019usuari podr\u00e0 exercir els drets d\u2019acc\u00e9s a les seves dades de car\u00e0cter personal, de rectificaci\u00f3 dels dades inexactes, de supressi\u00f3 dels dades que ja no s\u00f3n necessaris o, quan es d\u00f3na algun dels altres assumptes de la RGPD, el dret a oposar-se<br \/>\na la seva tractament per motius relacionats amb la seva situaci\u00f3 particular, aix\u00ed com a la limitaci\u00f3 i portabilitat d\u2019acord amb les condicions previstes en el RGPD, mitjan\u00e7ant una comunicaci\u00f3 escrita que indiqui el motiu de la seva sol\u00b7licitud, juntament amb una c\u00f2pia del seu DNI, dirigida a: <strong>Arts gr\u00e0fiques Xarol, S.L.,<\/strong> Servei d\u2019atenci\u00f3 al client, <strong>Avda. de la morera 24-30, 4t, 3a, 08915, Badalona,<\/strong> indicant en el cas del correu \u201cSol\u00b7licitud drets RGPD\u201d.<\/p>\n<p>A m\u00e9s, en tot moment, l\u2019usuari tamb\u00e9 t\u00e9 dret a presentar una reclamaci\u00f3 davant l\u2019Ag\u00e8ncia Espanyola de Protecci\u00f3 de Dades o l\u2019autoritat de control.<\/p>\n","protected":false},"excerpt":{"rendered":"<p>De conformitat amb el Reglament (UE) 2016\/679 del Parlament Europeu i del Consell de 27 d\u2019abril de 2016, relatiu a la protecci\u00f3 de les persones f\u00edsiques pel que fa al tractament de les dades personals i a la lliure circulaci\u00f3 d\u2019aquestes dades ( a endavant, l\u2019RGPD), ens informem que les dades facilitades de forma gratu\u00efta [&hellip;]<\/p>\n","protected":false},"author":2,"featured_media":0,"parent":0,"menu_order":0,"comment_status":"closed","ping_status":"closed","template":"","meta":[],"_links":{"self":[{"href":"https:\/\/artsgrafiquesxarol.com\/index.php\/wp-json\/wp\/v2\/pages\/1683"}],"collection":[{"href":"https:\/\/artsgrafiquesxarol.com\/index.php\/wp-json\/wp\/v2\/pages"}],"about":[{"href":"https:\/\/artsgrafiquesxarol.com\/index.php\/wp-json\/wp\/v2\/types\/page"}],"author":[{"embeddable":true,"href":"https:\/\/artsgrafiquesxarol.com\/index.php\/wp-json\/wp\/v2\/users\/2"}],"replies":[{"embeddable":true,"href":"https:\/\/artsgrafiquesxarol.com\/index.php\/wp-json\/wp\/v2\/comments?post=1683"}],"version-history":[{"count":1,"href":"https:\/\/artsgrafiquesxarol.com\/index.php\/wp-json\/wp\/v2\/pages\/1683\/revisions"}],"predecessor-version":[{"id":1684,"href":"https:\/\/artsgrafiquesxarol.com\/index.php\/wp-json\/wp\/v2\/pages\/1683\/revisions\/1684"}],"wp:attachment":[{"href":"https:\/\/artsgrafiquesxarol.com\/index.php\/wp-json\/wp\/v2\/media?parent=1683"}],"curies":[{"name":"wp","href":"https:\/\/api.w.org\/{rel}","templated":true}]}}